{"id":2307,"date":"2024-07-29T14:49:06","date_gmt":"2024-07-29T09:19:06","guid":{"rendered":"https:\/\/olyve.tanshcreative.com\/?page_id=9"},"modified":"2025-12-17T14:54:29","modified_gmt":"2025-12-17T14:54:29","slug":"home","status":"publish","type":"page","link":"https:\/\/poweronups.pl\/","title":{"rendered":"Home"},"content":{"rendered":"\t\t<div data-elementor-type=\"wp-page\" data-elementor-id=\"2307\" class=\"elementor elementor-2307\">\n\t\t\t\t<div class=\"elementor-element elementor-element-7b45631 e-grid e-con-boxed e-con e-parent\" data-id=\"7b45631\" data-element_type=\"container\">\n\t\t\t\t\t<div class=\"e-con-inner\">\n\t\t<div class=\"elementor-element elementor-element-8331b54 e-con-full e-flex e-con e-child\" data-id=\"8331b54\" data-element_type=\"container\">\n\t\t\t\t<div class=\"elementor-element elementor-element-d5d0f49 elementor-widget elementor-widget-dtr-iconhead\" data-id=\"d5d0f49\" data-element_type=\"widget\" data-widget_type=\"dtr-iconhead.default\">\n\t\t\t\t<div class=\"elementor-widget-container\">\n\t\t\t\t\t        <div class=\"dtr-iconhead dtr-iconhead--align-left dtr-iconhead--style-default  dtr-radius--round\">\r\n        <div class=\"dtr-icon dtr-iconhead__icon\">\r\n             <picture>\n  <source srcset=\"https:\/\/fonts.gstatic.com\/s\/e\/notoemoji\/latest\/2728\/512.webp\" type=\"image\/webp\">\n  <img decoding=\"async\" src=\"https:\/\/fonts.gstatic.com\/s\/e\/notoemoji\/latest\/2728\/512.gif\" alt=\"\u2728\" width=\"32\" height=\"32\">\n<\/picture>      \r\n            <\/div>\r\n                        \t<p class=\"dtr-iconhead__heading\">UPSy kt\u00f3rym mo\u017cesz ufa\u0107<\/p>\r\n                        <\/div>\r\n\t\t\t\t<\/div>\n\t\t\t\t<\/div>\n\t\t\t\t<div class=\"elementor-element elementor-element-b7d5260 elementor-tablet-align-center elementor-align-left elementor-widget elementor-widget-dtr-theme-heading\" data-id=\"b7d5260\" data-element_type=\"widget\" data-widget_type=\"dtr-theme-heading.default\">\n\t\t\t\t<div class=\"elementor-widget-container\">\n\t\t\t\t\t            <h1 class=\"dtr-heading dtr-heading__gradient dtr-text--color-three\">Producent niezawodnych UPS<\/h1>\r\n    \t\t\t\t<\/div>\n\t\t\t\t<\/div>\n\t\t\t\t<div class=\"elementor-element elementor-element-9ee983e elementor-widget elementor-widget-text-editor\" data-id=\"9ee983e\" data-element_type=\"widget\" data-widget_type=\"text-editor.default\">\n\t\t\t\t\t\t\t\t\t<p>Niezale\u017cnie od tego, czy zarz\u0105dzasz domowym biurem, czy pot\u0119\u017cnym centrum danych, nag\u0142y brak zasilania nie musi oznacza\u0107 strat. Nasze systemy UPS to <b>gwarancja ci\u0105g\u0142o\u015bci pracy<\/b> i najwy\u017csza ochrona Twojego sprz\u0119tu.<\/p>\t\t\t\t\t\t\t\t<\/div>\n\t\t<div class=\"elementor-element elementor-element-d4420fe e-con-full e-flex e-con e-child\" data-id=\"d4420fe\" data-element_type=\"container\">\n\t\t\t\t<div class=\"elementor-element elementor-element-4b5c737 elementor-widget__width-auto elementor-align-left elementor-widget elementor-widget-dtr-button\" data-id=\"4b5c737\" data-element_type=\"widget\" data-widget_type=\"dtr-button.default\">\n\t\t\t\t<div class=\"elementor-widget-container\">\n\t\t\t\t\t       \t<a class=\"dtr-btn    dtr-btn--round\" href=\"#portfolio\" role=\"button\">\r\n\t\t            <span class=\"dtr-btn__text\">Produkty<\/span>\r\n                        <\/a>\r\n\t\t\t\t\t<\/div>\n\t\t\t\t<\/div>\n\t\t\t\t<div class=\"elementor-element elementor-element-a5daa23 elementor-widget__width-auto elementor-align-left elementor-widget elementor-widget-dtr-button\" data-id=\"a5daa23\" data-element_type=\"widget\" data-widget_type=\"dtr-button.default\">\n\t\t\t\t<div class=\"elementor-widget-container\">\n\t\t\t\t\t       \t<a class=\"dtr-btn dtr-btn--trans  dtr-btn--icon-position-left dtr-btn--round\" href=\"#\" role=\"button\">\r\n\t\t            <span class=\"dtr-btn__text\">biuro@poweronups.pl<\/span>\r\n                \t\t\t                <span class=\"dtr-icon dtr-btn__icon\"><i class=\"icon-envelope\" aria-hidden=\"true\"><\/i><\/span>\r\n                            <\/a>\r\n\t\t\t\t\t<\/div>\n\t\t\t\t<\/div>\n\t\t\t\t<\/div>\n\t\t\t\t<\/div>\n\t\t<div class=\"elementor-element elementor-element-8c0112e e-con-full e-flex e-con e-child\" data-id=\"8c0112e\" data-element_type=\"container\">\n\t\t\t\t<div class=\"elementor-element elementor-element-6c5d9ed elementor-widget elementor-widget-dtr-about\" data-id=\"6c5d9ed\" data-element_type=\"widget\" data-widget_type=\"dtr-about.default\">\n\t\t\t\t<div class=\"elementor-widget-container\">\n\t\t\t\t\t<div class=\"dtr-about\">\r\n        <div class=\"dtr-about__img\"> \t\t\r\n                <img decoding=\"async\" src=\"https:\/\/poweronups.pl\/wp-content\/uploads\/elementor\/thumbs\/post-img5-rgakjifv5yx66pdqbx9vhgro60c94r6rpayxnzk2a0.jpg\" title=\"post-img5\" alt=\"post-img5\" loading=\"lazy\" \/> \r\n                <div class=\"dtr-about-title__left dtr-aboutCursorLeft\">\r\n            <div class=\"dtr-about-title\">\r\n                <p>Wieloletnie do\u015bwiadczenie<\/p>\r\n            <\/div>\r\n        <\/div>\r\n                  \r\n        <div class=\"dtr-about-title__right dtr-aboutCursorRight\">\r\n            <div class=\"dtr-about-title\">\r\n                <p>Zaufanie<\/p>\r\n            <\/div>\r\n        <\/div>\r\n            <\/div>\r\n    <\/div>\r\n\t\t\t\t<\/div>\n\t\t\t\t<\/div>\n\t\t\t\t<\/div>\n\t\t\t\t\t<\/div>\n\t\t\t\t<\/div>\n\t\t<div class=\"elementor-element elementor-element-164ad17 e-flex e-con-boxed e-con e-parent\" data-id=\"164ad17\" data-element_type=\"container\" id=\"portfolio\" data-settings=\"{&quot;background_background&quot;:&quot;classic&quot;}\">\n\t\t\t\t\t<div class=\"e-con-inner\">\n\t\t\t\t<div class=\"elementor-element elementor-element-ee6343e elementor-widget elementor-widget-dtr-grid-portfolio\" data-id=\"ee6343e\" data-element_type=\"widget\" data-widget_type=\"dtr-grid-portfolio.default\">\n\t\t\t\t<div class=\"elementor-widget-container\">\n\t\t\t\t\t<div class=\"dtr-portfolio__head-wrapper\"><h2 class=\"dtr-portfolio__main-title dtr-heading__gradient\">Produkty<\/h2><\/div><div class=\"dtr-portfolio-grid dtr-portfolio-fitrows dtr-portfolio-grid-2col\"><div class=\"dtr-portfolio-item isotope-item product  all\"><div class=\"dtr-portfolio-item__wrapper dtr-radius--rounded\"><div class=\"dtr-portfolio-item__img\"><img fetchpriority=\"high\" decoding=\"async\" width=\"1500\" height=\"998\" src=\"https:\/\/poweronups.pl\/wp-content\/uploads\/2024\/08\/Przod_poweron-1.png\" class=\"attachment-full size-full wp-post-image\" alt=\"\" srcset=\"https:\/\/poweronups.pl\/wp-content\/uploads\/2024\/08\/Przod_poweron-1.png 1500w, https:\/\/poweronups.pl\/wp-content\/uploads\/2024\/08\/Przod_poweron-1-300x200.png 300w, https:\/\/poweronups.pl\/wp-content\/uploads\/2024\/08\/Przod_poweron-1-1024x681.png 1024w, https:\/\/poweronups.pl\/wp-content\/uploads\/2024\/08\/Przod_poweron-1-768x511.png 768w\" sizes=\"(max-width: 1500px) 100vw, 1500px\" \/><\/div><a class=\"dtr-portfolio-item__wrap-link\" href=\"https:\/\/poweronups.pl\/index.php\/portfolio\/glacier-850va-19\/\" target=\"_self\" aria-label=\"Glacier 850VA 19&#8243;\"><\/a><div class=\"dtr-portfolio-item__content\"><h4 class=\"dtr-portfolio-item__heading\">Glacier 850VA 19&#8243;<\/h4><a class=\"dtr-icon-btn dtr-portfolio-item__link\" href=\"https:\/\/poweronups.pl\/index.php\/portfolio\/glacier-850va-19\/\" target=\"_self\" aria-label=\"Glacier 850VA 19&#8243;\"><\/a><\/div><\/div><\/div><\/div>\t\t\t\t<\/div>\n\t\t\t\t<\/div>\n\t\t\t\t\t<\/div>\n\t\t\t\t<\/div>\n\t\t<div class=\"elementor-element elementor-element-2d330b5 e-grid e-con-boxed e-con e-parent\" data-id=\"2d330b5\" data-element_type=\"container\" id=\"about\" data-settings=\"{&quot;background_background&quot;:&quot;classic&quot;}\">\n\t\t\t\t\t<div class=\"e-con-inner\">\n\t\t<div class=\"elementor-element elementor-element-249ea0c e-con-full e-flex e-con e-child\" data-id=\"249ea0c\" data-element_type=\"container\">\n\t\t\t\t<div class=\"elementor-element elementor-element-4d73288 elementor-align-left elementor-widget elementor-widget-dtr-theme-heading\" data-id=\"4d73288\" data-element_type=\"widget\" data-widget_type=\"dtr-theme-heading.default\">\n\t\t\t\t<div class=\"elementor-widget-container\">\n\t\t\t\t\t            <h2 class=\"dtr-heading dtr-heading__gradient dtr-text--color-three\">O nas<\/h2>\r\n    \t\t\t\t<\/div>\n\t\t\t\t<\/div>\n\t\t\t\t<\/div>\n\t\t<div class=\"elementor-element elementor-element-b4b5a14 e-grid e-con-full e-con e-child\" data-id=\"b4b5a14\" data-element_type=\"container\">\n\t\t<div class=\"elementor-element elementor-element-de1c8b4 e-con-full e-flex e-con e-child\" data-id=\"de1c8b4\" data-element_type=\"container\" data-settings=\"{&quot;background_background&quot;:&quot;classic&quot;}\">\n\t\t<div class=\"elementor-element elementor-element-9c7ee35 e-con-full e-flex e-con e-child\" data-id=\"9c7ee35\" data-element_type=\"container\">\n\t\t\t\t<div class=\"elementor-element elementor-element-92e2ff6 elementor-widget__width-auto elementor-align-left elementor-widget elementor-widget-dtr-theme-heading\" data-id=\"92e2ff6\" data-element_type=\"widget\" data-widget_type=\"dtr-theme-heading.default\">\n\t\t\t\t<div class=\"elementor-widget-container\">\n\t\t\t\t\t            <h4 class=\"dtr-heading dtr-heading__default dtr-text--color-three\">PowerON UPS<\/h4>\r\n    \t\t\t\t<\/div>\n\t\t\t\t<\/div>\n\t\t\t\t<\/div>\n\t\t\t\t<div class=\"elementor-element elementor-element-4067e8d elementor-widget elementor-widget-text-editor\" data-id=\"4067e8d\" data-element_type=\"widget\" data-widget_type=\"text-editor.default\">\n\t\t\t\t\t\t\t\t\t<p>W \u015bwiecie, kt\u00f3ry nigdy nie zasypia, przerwa w dostawie pr\u0105du to nie tylko niedogodno\u015b\u0107 \u2013 to ryzyko, na kt\u00f3re nie mo\u017cesz sobie pozwoli\u0107. W <b>PowerON<\/b> tworzymy zaawansowane systemy zasilania awaryjnego, kt\u00f3re staj\u0105 si\u0119 niewidzialn\u0105 tarcz\u0105 dla Twojej technologii.<\/p>\t\t\t\t\t\t\t\t<\/div>\n\t\t\t\t<\/div>\n\t\t\t\t<div class=\"elementor-element elementor-element-c16000f elementor-widget elementor-widget-image\" data-id=\"c16000f\" data-element_type=\"widget\" data-widget_type=\"image.default\">\n\t\t\t\t\t\t\t\t\t\t\t\t\t\t\t<img decoding=\"async\" width=\"1024\" height=\"683\" src=\"https:\/\/poweronups.pl\/wp-content\/uploads\/2024\/08\/post-img1.jpg\" class=\"attachment-large size-large wp-image-1063\" alt=\"\" \/>\t\t\t\t\t\t\t\t\t\t\t\t\t\t\t<\/div>\n\t\t\t\t<\/div>\n\t\t<div class=\"elementor-element elementor-element-c6eefad e-grid e-con-full e-con e-child\" data-id=\"c6eefad\" data-element_type=\"container\">\n\t\t<div class=\"elementor-element elementor-element-a217535 e-con-full e-grid e-con e-child\" data-id=\"a217535\" data-element_type=\"container\" data-settings=\"{&quot;background_background&quot;:&quot;classic&quot;}\">\n\t\t<div class=\"elementor-element elementor-element-62fc0dc e-con-full e-flex e-con e-child\" data-id=\"62fc0dc\" data-element_type=\"container\" data-settings=\"{&quot;background_background&quot;:&quot;classic&quot;}\">\n\t\t\t\t<div class=\"elementor-element elementor-element-ddc1f5f elementor-widget elementor-widget-counter\" data-id=\"ddc1f5f\" data-element_type=\"widget\" data-widget_type=\"counter.default\">\n\t\t\t\t\t\t\t<div class=\"elementor-counter\">\n\t\t\t\t\t\t<div class=\"elementor-counter-number-wrapper\">\n\t\t\t\t<span class=\"elementor-counter-number-prefix\"><\/span>\n\t\t\t\t<span class=\"elementor-counter-number\" data-duration=\"2000\" data-to-value=\"12\" data-from-value=\"0\" data-delimiter=\",\">0<\/span>\n\t\t\t\t<span class=\"elementor-counter-number-suffix\"><\/span>\n\t\t\t<\/div>\n\t\t<\/div>\n\t\t\t\t\t\t<\/div>\n\t\t\t\t<div class=\"elementor-element elementor-element-a51f8b5 elementor-widget elementor-widget-text-editor\" data-id=\"a51f8b5\" data-element_type=\"widget\" data-widget_type=\"text-editor.default\">\n\t\t\t\t\t\t\t\t\t<p>lat do\u015bwiadczenia<\/p>\t\t\t\t\t\t\t\t<\/div>\n\t\t\t\t<\/div>\n\t\t<div class=\"elementor-element elementor-element-95d24e7 e-con-full e-flex e-con e-child\" data-id=\"95d24e7\" data-element_type=\"container\" data-settings=\"{&quot;background_background&quot;:&quot;classic&quot;}\">\n\t\t\t\t<div class=\"elementor-element elementor-element-30786b4 elementor-widget elementor-widget-counter\" data-id=\"30786b4\" data-element_type=\"widget\" data-widget_type=\"counter.default\">\n\t\t\t\t\t\t\t<div class=\"elementor-counter\">\n\t\t\t\t\t\t<div class=\"elementor-counter-number-wrapper\">\n\t\t\t\t<span class=\"elementor-counter-number-prefix\"><\/span>\n\t\t\t\t<span class=\"elementor-counter-number\" data-duration=\"2000\" data-to-value=\"3\" data-from-value=\"0\" data-delimiter=\",\">0<\/span>\n\t\t\t\t<span class=\"elementor-counter-number-suffix\">K<\/span>\n\t\t\t<\/div>\n\t\t<\/div>\n\t\t\t\t\t\t<\/div>\n\t\t\t\t<div class=\"elementor-element elementor-element-54b5ca6 elementor-widget elementor-widget-text-editor\" data-id=\"54b5ca6\" data-element_type=\"widget\" data-widget_type=\"text-editor.default\">\n\t\t\t\t\t\t\t\t\t<p>obs\u0142u\u017conych zapyta\u0144<\/p>\t\t\t\t\t\t\t\t<\/div>\n\t\t\t\t<\/div>\n\t\t\t\t<\/div>\n\t\t\t\t<div class=\"elementor-element elementor-element-3eba388 elementor-widget elementor-widget-image\" data-id=\"3eba388\" data-element_type=\"widget\" data-widget_type=\"image.default\">\n\t\t\t\t\t\t\t\t\t\t\t\t\t\t\t<img loading=\"lazy\" decoding=\"async\" width=\"1024\" height=\"681\" src=\"https:\/\/poweronups.pl\/wp-content\/uploads\/2024\/08\/Przod_poweron-1-1024x681.png\" class=\"attachment-large size-large wp-image-2337\" alt=\"\" srcset=\"https:\/\/poweronups.pl\/wp-content\/uploads\/2024\/08\/Przod_poweron-1-1024x681.png 1024w, https:\/\/poweronups.pl\/wp-content\/uploads\/2024\/08\/Przod_poweron-1-300x200.png 300w, https:\/\/poweronups.pl\/wp-content\/uploads\/2024\/08\/Przod_poweron-1-768x511.png 768w, https:\/\/poweronups.pl\/wp-content\/uploads\/2024\/08\/Przod_poweron-1.png 1500w\" sizes=\"(max-width: 1024px) 100vw, 1024px\" \/>\t\t\t\t\t\t\t\t\t\t\t\t\t\t\t<\/div>\n\t\t\t\t<\/div>\n\t\t\t\t\t<\/div>\n\t\t\t\t<\/div>\n\t\t<div class=\"elementor-element elementor-element-33720f9 e-grid e-con-boxed e-con e-parent\" data-id=\"33720f9\" data-element_type=\"container\" id=\"contact\" data-settings=\"{&quot;background_background&quot;:&quot;classic&quot;}\">\n\t\t\t\t\t<div class=\"e-con-inner\">\n\t\t<div class=\"elementor-element elementor-element-6885cbc e-con-full e-flex e-con e-child\" data-id=\"6885cbc\" data-element_type=\"container\">\n\t\t\t\t<div class=\"elementor-element elementor-element-e5fdaaa elementor-align-left elementor-widget elementor-widget-dtr-theme-heading\" data-id=\"e5fdaaa\" data-element_type=\"widget\" data-widget_type=\"dtr-theme-heading.default\">\n\t\t\t\t<div class=\"elementor-widget-container\">\n\t\t\t\t\t            <h2 class=\"dtr-heading dtr-heading__gradient dtr-text--color-three\">Porozmawiajmy o Twoim zasilaniu<\/h2>\r\n    \t\t\t\t<\/div>\n\t\t\t\t<\/div>\n\t\t\t\t<div class=\"elementor-element elementor-element-b79cb70 elementor-widget elementor-widget-text-editor\" data-id=\"b79cb70\" data-element_type=\"widget\" data-widget_type=\"text-editor.default\">\n\t\t\t\t\t\t\t\t\t<p>Zaufaj do\u015bwiadczonemu partnerowi<\/p>\t\t\t\t\t\t\t\t<\/div>\n\t\t\t\t<div class=\"elementor-element elementor-element-e2c8947 elementor-widget elementor-widget-dtr-feature\" data-id=\"e2c8947\" data-element_type=\"widget\" data-widget_type=\"dtr-feature.default\">\n\t\t\t\t<div class=\"elementor-widget-container\">\n\t\t\t\t\t        <div class=\"dtr-feature  dtr-feature--style-rounded dtr-feature--icon-vert-align-center dtr-feature--text-left dtr-feature--icon-align-left dtr-feature--size-small \">\r\n            <div class=\"dtr-icon dtr-feature__icon\">\r\n                                 <i class=\"icon-telephone\" aria-hidden=\"true\"><\/i>\r\n                   \r\n            <\/div>\r\n                     <div class=\"dtr-feature__content\">\r\n                          <p class=\"dtr-feature__subtext\">Telefon<\/p>\r\n                                       <h4 class=\"dtr-feature__heading\">+48 604 952 737<\/h4>\r\n                                                    <\/div>\r\n                <\/div>\r\n\t\t\t\t<\/div>\n\t\t\t\t<\/div>\n\t\t\t\t<div class=\"elementor-element elementor-element-53c50aa elementor-widget elementor-widget-dtr-feature\" data-id=\"53c50aa\" data-element_type=\"widget\" data-widget_type=\"dtr-feature.default\">\n\t\t\t\t<div class=\"elementor-widget-container\">\n\t\t\t\t\t        <div class=\"dtr-feature  dtr-feature--style-rounded dtr-feature--icon-vert-align-center dtr-feature--text-left dtr-feature--icon-align-left dtr-feature--size-small \">\r\n            <div class=\"dtr-icon dtr-feature__icon\">\r\n                                 <i class=\"icon-envelope\" aria-hidden=\"true\"><\/i>\r\n                   \r\n            <\/div>\r\n                     <div class=\"dtr-feature__content\">\r\n                          <p class=\"dtr-feature__subtext\">Email<\/p>\r\n                                       <h4 class=\"dtr-feature__heading\">biuro@poweronups.pl<\/h4>\r\n                                                    <\/div>\r\n                <\/div>\r\n\t\t\t\t<\/div>\n\t\t\t\t<\/div>\n\t\t\t\t<div class=\"elementor-element elementor-element-5c1d705 elementor-widget elementor-widget-dtr-feature\" data-id=\"5c1d705\" data-element_type=\"widget\" data-widget_type=\"dtr-feature.default\">\n\t\t\t\t<div class=\"elementor-widget-container\">\n\t\t\t\t\t        <div class=\"dtr-feature  dtr-feature--style-rounded dtr-feature--icon-vert-align-top dtr-feature--text-left dtr-feature--icon-align-left dtr-feature--size-small \">\r\n            <div class=\"dtr-icon dtr-feature__icon\">\r\n                                 <i class=\"icon-geo-alt\" aria-hidden=\"true\"><\/i>\r\n                   \r\n            <\/div>\r\n                     <div class=\"dtr-feature__content\">\r\n                          <p class=\"dtr-feature__subtext\">Adres<\/p>\r\n                                       <h4 class=\"dtr-feature__heading\">Miko\u0142ajska 10a<br>\n02-455 Warszawa<\/h4>\r\n                                                    <\/div>\r\n                <\/div>\r\n\t\t\t\t<\/div>\n\t\t\t\t<\/div>\n\t\t\t\t<\/div>\n\t\t<div class=\"elementor-element elementor-element-92a9a39 e-con-full e-flex e-con e-child\" data-id=\"92a9a39\" data-element_type=\"container\" data-settings=\"{&quot;background_background&quot;:&quot;classic&quot;}\">\n\t\t\t\t<div class=\"elementor-element elementor-element-ccb3ca3 elementor-widget elementor-widget-shortcode\" data-id=\"ccb3ca3\" data-element_type=\"widget\" data-widget_type=\"shortcode.default\">\n\t\t\t\t\t\t\t<div class=\"elementor-shortcode\">\n<div class=\"wpcf7 no-js\" id=\"wpcf7-f2221-o1\" lang=\"en-US\" dir=\"ltr\" data-wpcf7-id=\"2221\">\n<div class=\"screen-reader-response\"><p role=\"status\" aria-live=\"polite\" aria-atomic=\"true\"><\/p> <ul><\/ul><\/div>\n<form action=\"\/index.php\/wp-json\/wp\/v2\/pages\/2307#wpcf7-f2221-o1\" method=\"post\" class=\"wpcf7-form init\" aria-label=\"Contact form\" novalidate=\"novalidate\" data-status=\"init\">\n<fieldset class=\"hidden-fields-container\"><input type=\"hidden\" name=\"_wpcf7\" value=\"2221\" \/><input type=\"hidden\" name=\"_wpcf7_version\" value=\"6.1.4\" \/><input type=\"hidden\" name=\"_wpcf7_locale\" value=\"en_US\" \/><input type=\"hidden\" name=\"_wpcf7_unit_tag\" value=\"wpcf7-f2221-o1\" \/><input type=\"hidden\" name=\"_wpcf7_container_post\" value=\"0\" \/><input type=\"hidden\" name=\"_wpcf7_posted_data_hash\" value=\"\" \/>\n<\/fieldset>\n<div>\n\t<p><label> <span class=\"wpcf7-form-control-wrap\" data-name=\"your-name\"><input size=\"40\" maxlength=\"400\" class=\"wpcf7-form-control wpcf7-text wpcf7-validates-as-required\" aria-required=\"true\" aria-invalid=\"false\" placeholder=\"Imie Nazwisko\" value=\"\" type=\"text\" name=\"your-name\" \/><\/span> <\/label><br \/>\n<label> <span class=\"wpcf7-form-control-wrap\" data-name=\"your-email\"><input size=\"40\" maxlength=\"400\" class=\"wpcf7-form-control wpcf7-email wpcf7-validates-as-required wpcf7-text wpcf7-validates-as-email\" aria-required=\"true\" aria-invalid=\"false\" placeholder=\"hello@example.com\" value=\"\" type=\"email\" name=\"your-email\" \/><\/span> <\/label><br \/>\n<label> <span class=\"wpcf7-form-control-wrap\" data-name=\"your-subject\"><input size=\"40\" maxlength=\"400\" class=\"wpcf7-form-control wpcf7-text wpcf7-validates-as-required\" aria-required=\"true\" aria-invalid=\"false\" placeholder=\"Temat\" value=\"\" type=\"text\" name=\"your-subject\" \/><\/span> <\/label><br \/>\n<label> <span class=\"wpcf7-form-control-wrap\" data-name=\"your-message\"><textarea cols=\"10\" rows=\"5\" maxlength=\"2000\" class=\"wpcf7-form-control wpcf7-textarea\" aria-invalid=\"false\" placeholder=\"Tre\u015b\u0107 wiadomo\u015bci...\" name=\"your-message\"><\/textarea><\/span> <\/label><br \/>\n<span class=\"spacer-20\"><\/span>\n\t<\/p>\n\t<p><button type=\"submit\" class=\"dtr-btn\" aria-label=\"Send Button\">Napisz do nas<\/button>\n\t<\/p>\n<\/div><div class=\"wpcf7-response-output\" aria-hidden=\"true\"><\/div>\n<\/form>\n<\/div>\n<\/div>\n\t\t\t\t\t\t<\/div>\n\t\t\t\t<\/div>\n\t\t\t\t\t<\/div>\n\t\t\t\t<\/div>\n\t\t<div class=\"elementor-element elementor-element-8ff07b4 e-flex e-con-boxed e-con e-parent\" data-id=\"8ff07b4\" data-element_type=\"container\">\n\t\t\t\t\t<div class=\"e-con-inner\">\n\t\t\t\t\t<\/div>\n\t\t\t\t<\/div>\n\t\t\t\t<\/div>\n\t\t","protected":false},"excerpt":{"rendered":"<p>UPSy kt\u00f3rym mo\u017cesz ufa\u0107 Producent niezawodnych UPS Niezale\u017cnie od tego, czy zarz\u0105dzasz domowym biurem, czy pot\u0119\u017cnym centrum danych, nag\u0142y brak zasilania nie musi oznacza\u0107 strat. Nasze systemy UPS to gwarancja ci\u0105g\u0142o\u015bci pracy i najwy\u017csza ochrona Twojego sprz\u0119tu. Produkty biuro@poweronups.pl Wieloletnie do\u015bwiadczenie Zaufanie Produkty Glacier 850VA 19&#8243; O nas PowerON UPS W \u015bwiecie, kt\u00f3ry nigdy nie [&hellip;]<\/p>\n","protected":false},"author":1,"featured_media":0,"parent":0,"menu_order":0,"comment_status":"closed","ping_status":"closed","template":"elementor_header_footer","meta":{"footnotes":""},"class_list":["post-2307","page","type-page","status-publish","hentry"],"_links":{"self":[{"href":"https:\/\/poweronups.pl\/index.php\/wp-json\/wp\/v2\/pages\/2307","targetHints":{"allow":["GET"]}}],"collection":[{"href":"https:\/\/poweronups.pl\/index.php\/wp-json\/wp\/v2\/pages"}],"about":[{"href":"https:\/\/poweronups.pl\/index.php\/wp-json\/wp\/v2\/types\/page"}],"author":[{"embeddable":true,"href":"https:\/\/poweronups.pl\/index.php\/wp-json\/wp\/v2\/users\/1"}],"replies":[{"embeddable":true,"href":"https:\/\/poweronups.pl\/index.php\/wp-json\/wp\/v2\/comments?post=2307"}],"version-history":[{"count":10,"href":"https:\/\/poweronups.pl\/index.php\/wp-json\/wp\/v2\/pages\/2307\/revisions"}],"predecessor-version":[{"id":2362,"href":"https:\/\/poweronups.pl\/index.php\/wp-json\/wp\/v2\/pages\/2307\/revisions\/2362"}],"wp:attachment":[{"href":"https:\/\/poweronups.pl\/index.php\/wp-json\/wp\/v2\/media?parent=2307"}],"curies":[{"name":"wp","href":"https:\/\/api.w.org\/{rel}","templated":true}]}}